{"id":101,"date":"2010-06-18T16:38:39","date_gmt":"2010-06-18T16:38:39","guid":{"rendered":"http:\/\/kravmaga.serverside.si\/photogallery\/"},"modified":"2016-08-17T13:09:54","modified_gmt":"2016-08-17T13:09:54","slug":"photogallery","status":"publish","type":"page","link":"https:\/\/www.kravmaga-slovenia.com\/en\/photogallery\/","title":{"rendered":"Photogallery"},"content":{"rendered":"<p><a title=\"Konec sezone 2015\/2016\" href=\"http:\/\/www.kravmaga-slovenia.com\/fotogalerija\/konec-sezone-20152016\/\">Glimpses from the end of season 2015\/2016<\/a><\/p>\n<p><a title=\"Sprejem pri veleposlaniku Izraela g.Shmuel Meirom 2016\" href=\"http:\/\/www.kravmaga-slovenia.com\/fotogalerija\/sprejem-pri-veleposlaniku-izraela-g-shmuel-meirom-2016\/\">Reception of Israeli ambassador mr.Shmuel Meirom, Brigadir Pograjc and Karli Zaniug, 23.5.2016 !<\/a><\/p>\n<p><a title=\"Krav Maga meets Ninjutsu 4.5.2016 !\" href=\"http:\/\/www.kravmaga-slovenia.com\/fotogalerija\/krav-maga-meets-ninjutsu-4-5-2016\/\">Krav Maga meets Ninjutsu 4.5.2016 !<\/a><\/p>\n<p><a title=\"Polaganje \u010drnega pasu 1.Dan Krav Maga 2016 !\" href=\"http:\/\/www.kravmaga-slovenia.com\/fotogalerija\/polaganje-crnega-pasu-1-dan-krav-maga-2016\/\">Black belt exam 1.Dan Krav Maga 2016 !<\/a><\/p>\n<p><a title=\"Polaganje zelenih in modrih pasov, Ljubljana in Maribor, 03. 2016 !\" href=\"http:\/\/www.kravmaga-slovenia.com\/fotogalerija\/polaganje-zelenih-in-modrih-pasov-ljubljana-in-maribor-03-2016\/\">Green and blue belt exam, Ljubljana in Maribor, 03. 2016 !<\/a><\/p>\n<p><a title=\"Polaganje oran\u017enega pasu 2015\/2016\" href=\"http:\/\/www.kravmaga-slovenia.com\/fotogalerija\/polaganje-oranznega-pasu-20152016-2\/\">Orange belt exam 2015\/2016<\/a><\/p>\n<p><a title=\"Samoobramba za punce iz Gimnazije Moste\" href=\"http:\/\/www.kravmaga-slovenia.com\/fotogalerija\/samoobramba-za-punce-iz-gimnazije-moste\/\">Selfdefence for girl students from Gimnazija Moste<\/a><\/p>\n<p><a title=\"Skupni trening vseh skupin Ljubljana in Maribor 2015 !\" href=\"http:\/\/www.kravmaga-slovenia.com\/fotogalerija\/skupni-trening-vseh-skupin-ljubljana-in-maribor\/\">Training with all groups Ljubljana and Maribor 23.12.2015 !<\/a><\/p>\n<p><a title=\"Samoobramba za \u017eenske KM\u0160 Maribor\" href=\"http:\/\/www.kravmaga-slovenia.com\/fotogalerija\/samoobramba-za-zenske-kms-maribor\/\">Self defense for women, students KM\u0160 Maribor 14.5.2015 !<\/a><\/p>\n<p><a title=\"Streljanje 25.4.2015\" href=\"http:\/\/www.kravmaga-slovenia.com\/fotogalerija\/streljanje-25-4-2015\/\">Shooting 25.4.2015 !<\/a><\/p>\n<p><a title=\"Utrinki s treningov, Ljubljana, Maribor, Vrhnika, sep. &amp; okt. 2014 !\" href=\"http:\/\/www.kravmaga-slovenia.com\/fotogalerija\/utrinki-s-treningov-ljubljana-maribor-vrhnika-sep-okt-2014\/\">Glimpses from training, Ljubljana, Maribor, Vrhnika, Sep. &amp; Oct. 2014 !<\/a><\/p>\n<p><a title=\"Slike z Krav Maga kampa, junij 2014 !\" href=\"http:\/\/www.kravmaga-slovenia.com\/slike-z-krav-maga-kampa-junij-2014\/\">Photos from Krav Maga camp, June 2014 !<\/a><\/p>\n<p><a title=\"Sprejem pri veleposlaniku dr\u017eave Izrael, Karli Zaniug z g. Shmuel Meirom 2014 !\" href=\"http:\/\/www.kravmaga-slovenia.com\/fotogalerija\/sprejem-pri-veleposlaniku-drzave-izrael-karli-zaniug-z-g-shmuel-meirom-2014\/\">Mr. Karli Zaniug at the audience with Amassador of Israel g. Shmuel Meirom 2014 !<\/a><\/p>\n<p><a title=\"Slike s treningov Ljubljana, Maribor, april &amp; maj 2014 !!\" href=\"http:\/\/www.kravmaga-slovenia.com\/fotogalerija\/slike-s-treningov-ljubljana-maribor-april-maj-2014\/\">Glimpses from training Ljubljana, Maribor, April &amp; May 2014 !<\/a><\/p>\n<p><a title=\"Polaganje oran\u017enega pasu, Maribor, 6.3.2014 !\" href=\"http:\/\/www.kravmaga-slovenia.com\/fotogalerija\/polaganje-oranznega-pasu-maribor-6-3-2014\/\">Orange belt exam, Maribor, 6.3.2014 !<\/a><\/p>\n<p><a title=\"Slike s polaganja oran\u017enega pasu, Ljubljana, 5.3.2014 !\" href=\"http:\/\/www.kravmaga-slovenia.com\/fotogalerija\/slike-s-polaganja-oranznega-pasu-ljubljana-5-3-2014\/\">Orange belt exam, Ljubljana, 5.3.2014 !<\/a><\/p>\n<p><a title=\"Utrinki s treningov Ljubljana in Maribor, februar 2014 !\" href=\"http:\/\/www.kravmaga-slovenia.com\/fotogalerija\/utrinki-s-treningov-ljubljana-in-maribor-februar-2014\/\">Glimpses from training sessions Ljubljana and Maribor, February 2014 !<\/a><\/p>\n<p><a title=\"Utrinki s treningov september, oktober 2013! Ljubljana in Maribor !\" href=\"http:\/\/www.kravmaga-slovenia.com\/fotogalerija\/utrinki-s-treningov-september-oktober-2013-ljubljana-in-maribor\/\">Glimpses from training sessions September, October 2013 ! Ljubljana and Maribor !<\/a><\/p>\n<p><a title=\"Sprejem pri veleposlaniku dr\u017eave Izrael, Karli Zaniug z g. Shmuel Meirom in brigadirjem slovenske vojske g. Dobran Bo\u017ei\u010dem\" href=\"http:\/\/www.kravmaga-slovenia.com\/fotogalerija\/sprejem-pri-veleposlaniku-drzave-izrael-karli-zaniug-z-g-shmuel-meirom-in-brigadirjem-slovenske-vojske-g-dobran-bozicem\/\">Mr. Karli Zaniug at the audience with Amassador of Israel g. Shmuel Meirom and with Chief of the General Staff for Slovenia, brigadier Dobran Bo\u017ei\u010d 2013 !<\/a><\/p>\n<p><a title=\"Slike z 2. Krav Maga kampa, Kolpa 2013 !\" href=\"http:\/\/www.kravmaga-slovenia.com\/fotogalerija\/slike-z-2-krav-maga-kampa-kolpa-2013\/\">Pictures from 2nd Krav Maga camp, Kolpa 2013 !<\/a><\/p>\n<p><a title=\"Polaganje zelenega in modrega pasu, Maribor, 30.5.2013 !\" href=\"http:\/\/www.kravmaga-slovenia.com\/fotogalerija\/polaganje-zelenega-in-modrega-pasu-maribor-30-5-2013\/\">Green and blue belt exam, Maribor, 30.5.2013 !<\/a><\/p>\n<p><a title=\"Polaganje zelenega in modrega pasu, Ljubljana, 29.5.2013 !\" href=\"http:\/\/www.kravmaga-slovenia.com\/fotogalerija\/polaganje-zelenega-in-modrega-pasu-ljubljana-29-5-2013\/\">Green and blue belt exam, Ljubljana, 29.5.2013 !<\/a><\/p>\n<p><a title=\"Krav Maga Presentation on Strongman Herkul open 2013, Ljubljana 11th of May !!\" href=\"http:\/\/www.kravmaga-slovenia.com\/photogallery\/krav-maga-presentation-on-strongman-herkul-open-2013-ljubljana-11th-of-may\/?lang=en\">Krav Maga Presentation on Strongman Herkul open 2013, Ljubljana 11th of May !!<\/a><\/p>\n<p><a title=\"Polaganje oran\u017enega pasu, Ljubljana, 2013 !\" href=\"http:\/\/www.kravmaga-slovenia.com\/fotogalerija\/polaganje-oranznega-pasu-ljubljana-2013\/\">Orange belt exam, Ljubljana, January 2013 !<\/a><\/p>\n<p><a title=\"Orange belt exam, Maribor, January 2013 !\" href=\"http:\/\/www.kravmaga-slovenia.com\/photogallery\/orange-and-blue-belt-exam-maribor-january-2013\/?lang=en\">Orange belt exam, Maribor, January 2013 !<\/a><\/p>\n<p><a title=\"Utrinki s treninga, Ljubljana, 16. november 2012\" href=\"http:\/\/www.kravmaga-slovenia.com\/fotogalerija\/utrinki-s-treninga-ljubljana-16-november-2012\/\">Glimpses from training sessions, Ljubljana, 16. and 19. November 2012 !<\/a><\/p>\n<p><a title=\"Krav Maga Akademija kamp, Kolpa \u2013 junij 2012\" href=\"http:\/\/www.kravmaga-slovenia.com\/fotogalerija\/krav-maga-akademija-kamp-kolpa-junij-2012\/\">Krav Maga Academy camp in Slovenia, Kolpa \u2013 junij 2012 !<\/a><\/p>\n<p><a title=\"Individualni treningi\" href=\"http:\/\/www.kravmaga-slovenia.com\/treningi\/tecaji-za-varnostnike\/individualni-treningi\/\">Pictures from individual trainings !<\/a><\/p>\n<p><a title=\"Slike s polaganja modrega pasu, Ljubljana, januar 2012 !\" href=\"http:\/\/www.kravmaga-slovenia.com\/fotogalerija\/slike-s-polaganja-modrega-pasu-ljubljana-januar-2012\/\">Blue belt exam, Ljubljana, January 2012 !<\/a><\/p>\n<p><a title=\"Slike s polaganja oran\u017enega pasu, Ljubljana, januar, 2012 !\" href=\"http:\/\/www.kravmaga-slovenia.com\/fotogalerija\/slike-s-polaganja-oranznega-pasu-ljubljana-januar-2012\/\">Orange belt exam, Ljubljana, January 2012 !<\/a><\/p>\n<p><a title=\"Slike s polaganja oran\u017enega in modrega pasu, Maribor, januar, 2012 !\" href=\"http:\/\/www.kravmaga-slovenia.com\/fotogalerija\/slike-s-polaganja-oranznega-in-modrega-pasu-maribor-januar-2012\/\">Orange and Blue belt exam, Maribor, January 2012 !<\/a><\/p>\n<p><a title=\"Karel Zaniuk na sprejemu pri veleposlaniku dr\u017eave Izrael leta 2011 !\" href=\"http:\/\/www.kravmaga-slovenia.com\/fotogalerija\/karel-zaniuk-na-sprejemu-pri-veleposlaniku-drzave-izrael-leta-2011\/\">Mr. Karli Zaniug at the audience with Amassador of Israel, 2011 !<\/a><\/p>\n<p><a title=\"Skupni trening ljubljanskega in mariborskega kluba Krav Maga Akademije Slovenije, Maribor, 9. junij 2011\" href=\"http:\/\/www.kravmaga-slovenia.com\/fotogalerija\/skupni-trening-ljubljanskega-in-mariborskega-kluba-krav-maga-akademije-slovenije-maribor-9-junij-2011\/\">Mutual training session of the Ljubljana and Maribor Krav Maga Academy clubs, Maribor, 9. junij 2011 !<\/a><\/p>\n<p><a title=\"Green Belt Exam, Ljubljana, June 2011\" href=\"http:\/\/www.kravmaga-slovenia.com\/fotogalerija\/polaganje-zelenega-pasu-ljubljana-junij-2011-2\/\">Green Belt Exam, Ljubljana, June 2011 !<\/a><\/p>\n<p><a title=\"Polaganje zelenega pasu, Maribor, 19.5.2011\" href=\"http:\/\/www.kravmaga-slovenia.com\/fotogalerija\/polaganje-zelenega-pasu-maribor-19-5-2011\/\">Green Belt Exam, Maribor, June 2011 !<\/a><\/p>\n<p><a title=\"Polaganje oran\u017enega pasu, Ljubljana, januar 2011, 1.del !\" href=\"http:\/\/www.kravmaga-slovenia.com\/fotogalerija\/polaganje-oranznega-pasu-ljubljana-januar-2011-1-del\/\">Orange Belt Exam, Ljubljana, January 2011, part 1 !<\/a><\/p>\n<p><a title=\"Polaganje oran\u017enega pasu, Ljubljana, januar 2011, 2.del !\" href=\"http:\/\/www.kravmaga-slovenia.com\/fotogalerija\/polaganje-oranznega-pasu-ljubljana-januar-2011-2-del\/\">Orange Belt Exam, Ljubljana, January 2011, part 2 !<\/a><\/p>\n<p><a title=\"Polaganje oran\u017enega pasu, Maribor, januar 2011\" href=\"http:\/\/www.kravmaga-slovenia.com\/fotogalerija\/polaganje-oranznega-pasu-maribor-januar-2011\/\">Orange Belt Exam, Maribor, January 2011 !<\/a><\/p>\n<p><a title=\"Seminar Krav Maga v klubu Nak Muay Ivan\u010dna Gorica, 29. januar 2011 !\" href=\"http:\/\/www.kravmaga-slovenia.com\/fotogalerija\/seminar-krav-maga-v-klubu-nak-muay-ivancna-gorica-29-januar-2011\/\">Krav Maga Seminar in Nak Muay club, Ivancna Gorica, Slovenia, January 29th 2011 !<\/a><\/p>\n<p><a title=\"Utrinki s treningov, Ljubljana, oktober 2010\" href=\"http:\/\/www.kravmaga-slovenia.com\/fotogalerija\/utrinki-s-treningov-ljubljana-oktober-2010\/\">Glimpses from training sessions, Ljubljana, October 2010 !<\/a><\/p>\n<p><a title=\"Utrinki s treningov, Maribor, oktober 2010\" href=\"http:\/\/www.kravmaga-slovenia.com\/fotogalerija\/utrinki-s-treningov-maribor-oktober-2010\/\">Glimpses from training sessions, Maribor, October 2010 !<\/a><\/p>\n<p><a title=\"Utrinki s treningov, Bre\u017eice, oktober 2010\" href=\"http:\/\/www.kravmaga-slovenia.com\/fotogalerija\/utrinki-s-treningov-brezice-oktober-2010\/\">Glimpses from training sessions, Brezice, October 2010 !<\/a><\/p>\n<p><a title=\"Utrinki s KM treningov v Ljubljani 7.9.2010\" href=\"http:\/\/www.kravmaga-slovenia.com\/fotogalerija\/utrinki-s-km-treningov-v-ljubljani-7-9-2010\/\">Glimpses from training sessions, Ljubljana, September 2010 !<\/a><\/p>\n<p><a title=\"Utrinki s KM treningov v Mariboru 7. in 14.9.2010\" href=\"http:\/\/www.kravmaga-slovenia.com\/fotogalerija\/utrinki-s-km-treningov-v-mariboru-7-in-14-9-2010\/\">Glimpses from training sessions, Maribor, September 2010 !<\/a><\/p>\n<p><a title=\"Sprejem pri veleposlaniku dr\u017eeve Izrael\" href=\"http:\/\/www.kravmaga-slovenia.com\/fotogalerija\/sprejem-pri-veleposlaniku-drzeve-izrael\/\">Mr. Karli Zaniug at the audience with Amassador of Israel, 2010 !<\/a><\/p>\n<p><a title=\"Polaganje zelenega pasu\" href=\"http:\/\/www.kravmaga-slovenia.com\/fotogalerija\/polaganje-1-zelenega-pasu\/\">Green Belt Exam, Bre\u017eice June, 2010 !<\/a><\/p>\n<p><a title=\"Seminar Mayapur, Indija, februar 2010\" href=\"http:\/\/www.kravmaga-slovenia.com\/fotogalerija\/seminar-mayapur-indija-februar-2010\/\">Seminar in Mayapur, India, February 2010 !<\/a><\/p>\n<p><a title=\"Slike iz polaganja oran\u017enega pasu\" href=\"http:\/\/www.kravmaga-slovenia.com\/fotogalerija\/slike-iz-polaganja-oranznega-pasu\/\">Orange Belt Exam, Bre\u017eice, December 2009 !<\/a><\/p>\n<p><a title=\"Slike iz predstavitve. Gimnazija Bre\u017eice, 17.10.2009\" href=\"http:\/\/www.kravmaga-slovenia.com\/fotogalerija\/slike-iz-predstavitve-gimnazija-brezice-17-10-2009\/\">Krav Maga Presentation, October 17th 2009 !<\/a><\/p>\n<p><a title=\"Slike iz prenovljene telovadnice, trening 8.10.2009\" href=\"http:\/\/www.kravmaga-slovenia.com\/fotogalerija\/slike-iz-prenovljene-telovadnice-trening-8-10-2009\/\">Training sessions, Brezice 2008 !<\/a><\/p>\n<p>&nbsp;<\/p>\n<p><a title=\"Slike iz samoobrambe za \u017eenske\" href=\"http:\/\/www.kravmaga-slovenia.com\/fotogalerija\/slike-iz-samoobrambe-za-zenske\/\">Self-defence for women 2008 !<\/a><\/p>\n<p><a title=\"Slike iz Krav Maga za otroke\" href=\"http:\/\/www.kravmaga-slovenia.com\/fotogalerija\/slike-iz-krav-maga-za-otroke\/\">Krav Maga for children 2008 !<\/a><\/p>\n<p><a title=\"Slike iz treningov\" href=\"http:\/\/www.kravmaga-slovenia.com\/fotogalerija\/slike-iz-treningov\/\">Glimpses from Krav Maga training sessions, Brezice 2007 !<\/a><\/p>\n<p><a title=\"Slike iz seminarjev\" href=\"http:\/\/www.kravmaga-slovenia.com\/fotogalerija\/slike-iz-seminarjev\/\">Photo gallery from various seminars !<\/a><\/p>\n","protected":false},"excerpt":{"rendered":"<p>Glimpses from the end of season 2015\/2016 Reception of Israeli ambassador mr.Shmuel Meirom, Brigadir Pograjc and Karli Zaniug, 23.5.2016 ! Krav Maga meets Ninjutsu 4.5.2016 ! Black belt exam 1.Dan Krav Maga 2016 ! Green and blue belt exam, Ljubljana in Maribor, 03. 2016 ! Orange belt exam 2015\/2016 Selfdefence for girl students from Gimnazija [&hellip;]<\/p>\n","protected":false},"author":1,"featured_media":0,"parent":0,"menu_order":20,"comment_status":"open","ping_status":"open","template":"","meta":{"rs_blank_template":"","rs_page_bg_color":"","slide_template_v7":"","footnotes":""},"class_list":["post-101","page","type-page","status-publish","czr-hentry"],"yoast_head":"<!-- This site is optimized with the Yoast SEO plugin v27.5 - https:\/\/yoast.com\/product\/yoast-seo-wordpress\/ -->\n<title>Photogallery -<\/title>\n<meta name=\"robots\" content=\"index, follow, max-snippet:-1, max-image-preview:large, max-video-preview:-1\" \/>\n<link rel=\"canonical\" href=\"https:\/\/www.kravmaga-slovenia.com\/en\/photogallery\/\" \/>\n<meta property=\"og:locale\" content=\"en_US\" \/>\n<meta property=\"og:type\" content=\"article\" \/>\n<meta property=\"og:title\" content=\"Photogallery -\" \/>\n<meta property=\"og:description\" content=\"Glimpses from the end of season 2015\/2016 Reception of Israeli ambassador mr.Shmuel Meirom, Brigadir Pograjc and Karli Zaniug, 23.5.2016 ! Krav Maga meets Ninjutsu 4.5.2016 ! Black belt exam 1.Dan Krav Maga 2016 ! Green and blue belt exam, Ljubljana in Maribor, 03. 2016 ! Orange belt exam 2015\/2016 Selfdefence for girl students from Gimnazija [&hellip;]\" \/>\n<meta property=\"og:url\" content=\"https:\/\/www.kravmaga-slovenia.com\/en\/photogallery\/\" \/>\n<meta property=\"article:modified_time\" content=\"2016-08-17T13:09:54+00:00\" \/>\n<meta name=\"twitter:card\" content=\"summary_large_image\" \/>\n<meta name=\"twitter:label1\" content=\"Est. reading time\" \/>\n\t<meta name=\"twitter:data1\" content=\"2 minutes\" \/>\n<script type=\"application\/ld+json\" class=\"yoast-schema-graph\">{\"@context\":\"https:\\\/\\\/schema.org\",\"@graph\":[{\"@type\":\"WebPage\",\"@id\":\"https:\\\/\\\/www.kravmaga-slovenia.com\\\/en\\\/photogallery\\\/\",\"url\":\"https:\\\/\\\/www.kravmaga-slovenia.com\\\/en\\\/photogallery\\\/\",\"name\":\"Photogallery -\",\"isPartOf\":{\"@id\":\"https:\\\/\\\/www.kravmaga-slovenia.com\\\/#website\"},\"datePublished\":\"2010-06-18T16:38:39+00:00\",\"dateModified\":\"2016-08-17T13:09:54+00:00\",\"breadcrumb\":{\"@id\":\"https:\\\/\\\/www.kravmaga-slovenia.com\\\/en\\\/photogallery\\\/#breadcrumb\"},\"inLanguage\":\"en-US\",\"potentialAction\":[{\"@type\":\"ReadAction\",\"target\":[\"https:\\\/\\\/www.kravmaga-slovenia.com\\\/en\\\/photogallery\\\/\"]}]},{\"@type\":\"BreadcrumbList\",\"@id\":\"https:\\\/\\\/www.kravmaga-slovenia.com\\\/en\\\/photogallery\\\/#breadcrumb\",\"itemListElement\":[{\"@type\":\"ListItem\",\"position\":1,\"name\":\"Home\",\"item\":\"https:\\\/\\\/www.kravmaga-slovenia.com\\\/en\\\/\"},{\"@type\":\"ListItem\",\"position\":2,\"name\":\"Photogallery\"}]},{\"@type\":\"WebSite\",\"@id\":\"https:\\\/\\\/www.kravmaga-slovenia.com\\\/#website\",\"url\":\"https:\\\/\\\/www.kravmaga-slovenia.com\\\/\",\"name\":\"\",\"description\":\"\",\"potentialAction\":[{\"@type\":\"SearchAction\",\"target\":{\"@type\":\"EntryPoint\",\"urlTemplate\":\"https:\\\/\\\/www.kravmaga-slovenia.com\\\/?s={search_term_string}\"},\"query-input\":{\"@type\":\"PropertyValueSpecification\",\"valueRequired\":true,\"valueName\":\"search_term_string\"}}],\"inLanguage\":\"en-US\"}]}<\/script>\n<!-- \/ Yoast SEO plugin. -->","yoast_head_json":{"title":"Photogallery -","robots":{"index":"index","follow":"follow","max-snippet":"max-snippet:-1","max-image-preview":"max-image-preview:large","max-video-preview":"max-video-preview:-1"},"canonical":"https:\/\/www.kravmaga-slovenia.com\/en\/photogallery\/","og_locale":"en_US","og_type":"article","og_title":"Photogallery -","og_description":"Glimpses from the end of season 2015\/2016 Reception of Israeli ambassador mr.Shmuel Meirom, Brigadir Pograjc and Karli Zaniug, 23.5.2016 ! Krav Maga meets Ninjutsu 4.5.2016 ! Black belt exam 1.Dan Krav Maga 2016 ! Green and blue belt exam, Ljubljana in Maribor, 03. 2016 ! Orange belt exam 2015\/2016 Selfdefence for girl students from Gimnazija [&hellip;]","og_url":"https:\/\/www.kravmaga-slovenia.com\/en\/photogallery\/","article_modified_time":"2016-08-17T13:09:54+00:00","twitter_card":"summary_large_image","twitter_misc":{"Est. reading time":"2 minutes"},"schema":{"@context":"https:\/\/schema.org","@graph":[{"@type":"WebPage","@id":"https:\/\/www.kravmaga-slovenia.com\/en\/photogallery\/","url":"https:\/\/www.kravmaga-slovenia.com\/en\/photogallery\/","name":"Photogallery -","isPartOf":{"@id":"https:\/\/www.kravmaga-slovenia.com\/#website"},"datePublished":"2010-06-18T16:38:39+00:00","dateModified":"2016-08-17T13:09:54+00:00","breadcrumb":{"@id":"https:\/\/www.kravmaga-slovenia.com\/en\/photogallery\/#breadcrumb"},"inLanguage":"en-US","potentialAction":[{"@type":"ReadAction","target":["https:\/\/www.kravmaga-slovenia.com\/en\/photogallery\/"]}]},{"@type":"BreadcrumbList","@id":"https:\/\/www.kravmaga-slovenia.com\/en\/photogallery\/#breadcrumb","itemListElement":[{"@type":"ListItem","position":1,"name":"Home","item":"https:\/\/www.kravmaga-slovenia.com\/en\/"},{"@type":"ListItem","position":2,"name":"Photogallery"}]},{"@type":"WebSite","@id":"https:\/\/www.kravmaga-slovenia.com\/#website","url":"https:\/\/www.kravmaga-slovenia.com\/","name":"","description":"","potentialAction":[{"@type":"SearchAction","target":{"@type":"EntryPoint","urlTemplate":"https:\/\/www.kravmaga-slovenia.com\/?s={search_term_string}"},"query-input":{"@type":"PropertyValueSpecification","valueRequired":true,"valueName":"search_term_string"}}],"inLanguage":"en-US"}]}},"_links":{"self":[{"href":"https:\/\/www.kravmaga-slovenia.com\/en\/wp-json\/wp\/v2\/pages\/101","targetHints":{"allow":["GET"]}}],"collection":[{"href":"https:\/\/www.kravmaga-slovenia.com\/en\/wp-json\/wp\/v2\/pages"}],"about":[{"href":"https:\/\/www.kravmaga-slovenia.com\/en\/wp-json\/wp\/v2\/types\/page"}],"author":[{"embeddable":true,"href":"https:\/\/www.kravmaga-slovenia.com\/en\/wp-json\/wp\/v2\/users\/1"}],"replies":[{"embeddable":true,"href":"https:\/\/www.kravmaga-slovenia.com\/en\/wp-json\/wp\/v2\/comments?post=101"}],"version-history":[{"count":115,"href":"https:\/\/www.kravmaga-slovenia.com\/en\/wp-json\/wp\/v2\/pages\/101\/revisions"}],"predecessor-version":[{"id":7600,"href":"https:\/\/www.kravmaga-slovenia.com\/en\/wp-json\/wp\/v2\/pages\/101\/revisions\/7600"}],"wp:attachment":[{"href":"https:\/\/www.kravmaga-slovenia.com\/en\/wp-json\/wp\/v2\/media?parent=101"}],"curies":[{"name":"wp","href":"https:\/\/api.w.org\/{rel}","templated":true}]}}