{"id":92,"date":"2010-06-15T18:36:20","date_gmt":"2010-06-15T18:36:20","guid":{"rendered":"http:\/\/localhost\/projects\/kravmaga\/?page_id=92"},"modified":"2017-03-14T08:32:20","modified_gmt":"2017-03-14T08:32:20","slug":"links","status":"publish","type":"page","link":"https:\/\/www.kravmaga-slovenia.com\/en\/links\/","title":{"rendered":"Friends"},"content":{"rendered":"<p><a href=\"http:\/\/www.facebook.com\/kravmaga.slovenia\" target=\"_blank\">Krav Maga Academy Slovenia &#8211; facebook<\/a><\/p>\n<p><a href=\"https:\/\/www.facebook.com\/GROM-GoloRoka-Obrambna-Metoda-1455267281466221\/\" target=\"_blank\">Facebook GROM<\/a><\/p>\n<p><a href=\"http:\/\/kraveng.website4u.co.il\/?pageid=1\" target=\"_blank\">Israeli Krav Maga Association<\/a><\/p>\n<p><a href=\"https:\/\/www.protect.expert\/\" target=\"_blank\">Protect-expert<\/a><\/p>\n<p><a href=\"http:\/\/www.bujinkan.org.rs\/\" target=\"_blank\">Bujinkan srbija<\/a><\/p>\n<p><a href=\"http:\/\/www.ksatriya-dharma.com\/\">Ksatriya &#8211; Dharma Italy<\/a><\/p>\n<p><a href=\"http:\/\/ki-aikido-zagreb.hr\/\">Ki Akido Zagreb<\/a><\/p>\n<p><a href=\"http:\/\/mma.si\/\" target=\"_blank\">MMA.si<\/a><\/p>\n<p>&nbsp;<\/p>\n<p><a href=\"http:\/\/www.sd10.si\" target=\"_blank\">Strelsko dru\u0161tvo 10<\/a><\/p>\n<p><a href=\"http:\/\/strelisce.si\/\" target=\"_blank\">Streli\u0161\u010de Dum Dum<\/a><\/p>\n<p><a href=\"http:\/\/www.nemo-divers.si\/\" target=\"_blank\">Nemo divers<\/a><\/p>\n<p><a href=\"http:\/\/www.comtec.si\/\" target=\"_blank\">Com TEC<\/a><\/p>\n<p><a href=\"http:\/\/bownova-terapija.e-vizitka.biz\/\" target=\"_blank\">Bowen therapy Slovenia<\/a><\/p>\n<p><a href=\"http:\/\/www.fitnesshop.si\/\" target=\"_blank\">Trgovina Fitnes oprema No.1<\/a><\/p>\n","protected":false},"excerpt":{"rendered":"<p>Krav Maga Academy Slovenia &#8211; facebook Facebook GROM Israeli Krav Maga Association Protect-expert Bujinkan srbija Ksatriya &#8211; Dharma Italy Ki Akido Zagreb MMA.si &nbsp; Strelsko dru\u0161tvo 10 Streli\u0161\u010de Dum Dum Nemo divers Com TEC Bowen therapy Slovenia Trgovina Fitnes oprema No.1<\/p>\n","protected":false},"author":1,"featured_media":0,"parent":0,"menu_order":60,"comment_status":"closed","ping_status":"open","template":"","meta":{"rs_blank_template":"","rs_page_bg_color":"","slide_template_v7":"","footnotes":""},"class_list":["post-92","page","type-page","status-publish","czr-hentry"],"yoast_head":"<!-- This site is optimized with the Yoast SEO plugin v27.4 - https:\/\/yoast.com\/product\/yoast-seo-wordpress\/ -->\n<title>Friends -<\/title>\n<meta name=\"robots\" content=\"index, follow, max-snippet:-1, max-image-preview:large, max-video-preview:-1\" \/>\n<link rel=\"canonical\" href=\"https:\/\/www.kravmaga-slovenia.com\/en\/links\/\" \/>\n<meta property=\"og:locale\" content=\"en_US\" \/>\n<meta property=\"og:type\" content=\"article\" \/>\n<meta property=\"og:title\" content=\"Friends -\" \/>\n<meta property=\"og:description\" content=\"Krav Maga Academy Slovenia &#8211; facebook Facebook GROM Israeli Krav Maga Association Protect-expert Bujinkan srbija Ksatriya &#8211; Dharma Italy Ki Akido Zagreb MMA.si &nbsp; Strelsko dru\u0161tvo 10 Streli\u0161\u010de Dum Dum Nemo divers Com TEC Bowen therapy Slovenia Trgovina Fitnes oprema No.1\" \/>\n<meta property=\"og:url\" content=\"https:\/\/www.kravmaga-slovenia.com\/en\/links\/\" \/>\n<meta property=\"article:modified_time\" content=\"2017-03-14T08:32:20+00:00\" \/>\n<meta name=\"twitter:card\" content=\"summary_large_image\" \/>\n<script type=\"application\/ld+json\" class=\"yoast-schema-graph\">{\"@context\":\"https:\\\/\\\/schema.org\",\"@graph\":[{\"@type\":\"WebPage\",\"@id\":\"https:\\\/\\\/www.kravmaga-slovenia.com\\\/en\\\/links\\\/\",\"url\":\"https:\\\/\\\/www.kravmaga-slovenia.com\\\/en\\\/links\\\/\",\"name\":\"Friends -\",\"isPartOf\":{\"@id\":\"https:\\\/\\\/www.kravmaga-slovenia.com\\\/#website\"},\"datePublished\":\"2010-06-15T18:36:20+00:00\",\"dateModified\":\"2017-03-14T08:32:20+00:00\",\"breadcrumb\":{\"@id\":\"https:\\\/\\\/www.kravmaga-slovenia.com\\\/en\\\/links\\\/#breadcrumb\"},\"inLanguage\":\"en-US\",\"potentialAction\":[{\"@type\":\"ReadAction\",\"target\":[\"https:\\\/\\\/www.kravmaga-slovenia.com\\\/en\\\/links\\\/\"]}]},{\"@type\":\"BreadcrumbList\",\"@id\":\"https:\\\/\\\/www.kravmaga-slovenia.com\\\/en\\\/links\\\/#breadcrumb\",\"itemListElement\":[{\"@type\":\"ListItem\",\"position\":1,\"name\":\"Home\",\"item\":\"https:\\\/\\\/www.kravmaga-slovenia.com\\\/en\\\/\"},{\"@type\":\"ListItem\",\"position\":2,\"name\":\"Friends\"}]},{\"@type\":\"WebSite\",\"@id\":\"https:\\\/\\\/www.kravmaga-slovenia.com\\\/#website\",\"url\":\"https:\\\/\\\/www.kravmaga-slovenia.com\\\/\",\"name\":\"\",\"description\":\"\",\"potentialAction\":[{\"@type\":\"SearchAction\",\"target\":{\"@type\":\"EntryPoint\",\"urlTemplate\":\"https:\\\/\\\/www.kravmaga-slovenia.com\\\/?s={search_term_string}\"},\"query-input\":{\"@type\":\"PropertyValueSpecification\",\"valueRequired\":true,\"valueName\":\"search_term_string\"}}],\"inLanguage\":\"en-US\"}]}<\/script>\n<!-- \/ Yoast SEO plugin. -->","yoast_head_json":{"title":"Friends -","robots":{"index":"index","follow":"follow","max-snippet":"max-snippet:-1","max-image-preview":"max-image-preview:large","max-video-preview":"max-video-preview:-1"},"canonical":"https:\/\/www.kravmaga-slovenia.com\/en\/links\/","og_locale":"en_US","og_type":"article","og_title":"Friends -","og_description":"Krav Maga Academy Slovenia &#8211; facebook Facebook GROM Israeli Krav Maga Association Protect-expert Bujinkan srbija Ksatriya &#8211; Dharma Italy Ki Akido Zagreb MMA.si &nbsp; Strelsko dru\u0161tvo 10 Streli\u0161\u010de Dum Dum Nemo divers Com TEC Bowen therapy Slovenia Trgovina Fitnes oprema No.1","og_url":"https:\/\/www.kravmaga-slovenia.com\/en\/links\/","article_modified_time":"2017-03-14T08:32:20+00:00","twitter_card":"summary_large_image","schema":{"@context":"https:\/\/schema.org","@graph":[{"@type":"WebPage","@id":"https:\/\/www.kravmaga-slovenia.com\/en\/links\/","url":"https:\/\/www.kravmaga-slovenia.com\/en\/links\/","name":"Friends -","isPartOf":{"@id":"https:\/\/www.kravmaga-slovenia.com\/#website"},"datePublished":"2010-06-15T18:36:20+00:00","dateModified":"2017-03-14T08:32:20+00:00","breadcrumb":{"@id":"https:\/\/www.kravmaga-slovenia.com\/en\/links\/#breadcrumb"},"inLanguage":"en-US","potentialAction":[{"@type":"ReadAction","target":["https:\/\/www.kravmaga-slovenia.com\/en\/links\/"]}]},{"@type":"BreadcrumbList","@id":"https:\/\/www.kravmaga-slovenia.com\/en\/links\/#breadcrumb","itemListElement":[{"@type":"ListItem","position":1,"name":"Home","item":"https:\/\/www.kravmaga-slovenia.com\/en\/"},{"@type":"ListItem","position":2,"name":"Friends"}]},{"@type":"WebSite","@id":"https:\/\/www.kravmaga-slovenia.com\/#website","url":"https:\/\/www.kravmaga-slovenia.com\/","name":"","description":"","potentialAction":[{"@type":"SearchAction","target":{"@type":"EntryPoint","urlTemplate":"https:\/\/www.kravmaga-slovenia.com\/?s={search_term_string}"},"query-input":{"@type":"PropertyValueSpecification","valueRequired":true,"valueName":"search_term_string"}}],"inLanguage":"en-US"}]}},"_links":{"self":[{"href":"https:\/\/www.kravmaga-slovenia.com\/en\/wp-json\/wp\/v2\/pages\/92","targetHints":{"allow":["GET"]}}],"collection":[{"href":"https:\/\/www.kravmaga-slovenia.com\/en\/wp-json\/wp\/v2\/pages"}],"about":[{"href":"https:\/\/www.kravmaga-slovenia.com\/en\/wp-json\/wp\/v2\/types\/page"}],"author":[{"embeddable":true,"href":"https:\/\/www.kravmaga-slovenia.com\/en\/wp-json\/wp\/v2\/users\/1"}],"replies":[{"embeddable":true,"href":"https:\/\/www.kravmaga-slovenia.com\/en\/wp-json\/wp\/v2\/comments?post=92"}],"version-history":[{"count":29,"href":"https:\/\/www.kravmaga-slovenia.com\/en\/wp-json\/wp\/v2\/pages\/92\/revisions"}],"predecessor-version":[{"id":7773,"href":"https:\/\/www.kravmaga-slovenia.com\/en\/wp-json\/wp\/v2\/pages\/92\/revisions\/7773"}],"wp:attachment":[{"href":"https:\/\/www.kravmaga-slovenia.com\/en\/wp-json\/wp\/v2\/media?parent=92"}],"curies":[{"name":"wp","href":"https:\/\/api.w.org\/{rel}","templated":true}]}}